{"id":1443,"date":"2025-01-14T19:17:21","date_gmt":"2025-01-14T19:17:21","guid":{"rendered":"https:\/\/www.innothyrogen.eu\/pravila-privatnosti\/"},"modified":"2025-12-04T09:50:49","modified_gmt":"2025-12-04T09:50:49","slug":"pravila-privatnosti","status":"publish","type":"page","link":"https:\/\/www.innothyrogen.eu\/hr\/pravila-privatnosti\/","title":{"rendered":"Pravila privatnosti"},"content":{"rendered":"<style>.elementor-1443 .elementor-element.elementor-element-48e2bdba{--display:flex;}<\/style>\t\t<div data-elementor-type=\"wp-page\" data-elementor-id=\"1443\" class=\"elementor elementor-1443 elementor-3\" data-elementor-post-type=\"page\">\n\t\t\t\t<div class=\"elementor-element elementor-element-48e2bdba e-flex e-con-boxed e-con e-parent\" data-id=\"48e2bdba\" data-element_type=\"container\" data-e-type=\"container\">\n\t\t\t\t\t<div class=\"e-con-inner\">\n\t\t\t\t<div class=\"elementor-element elementor-element-3549cbcf elementor-widget elementor-widget-text-editor\" data-id=\"3549cbcf\" data-element_type=\"widget\" data-e-type=\"widget\" data-widget_type=\"text-editor.default\">\n\t\t\t\t<div class=\"elementor-widget-container\">\n\t\t\t\t\t\t\t\t\t<p>U skladu s va\u017ee\u0107om EU Uredbom o op\u0107oj za\u0161titi podataka, u ovim Pravilima privatnosti obavje\u0161tavamo vas o:<\/p>\n<ul>\n<li>Tko je odgovoran za obradu va\u0161ih podataka: Predstavljanje i identifikacija KONTROLORA<\/li>\n<li>Prihva\u0107anje Op\u0107ih uvjeta i kori\u0161tenje web stranice<\/li>\n<li>Koje podatke prikupljamo<\/li>\n<li>Kako i gdje se dijele informacije<\/li>\n<li>Sigurnost va\u0161ih podataka<\/li>\n<li>Prava i pristup informacijama<\/li>\n<li>Promjene Pravila privatnosti<\/li>\n<\/ul>\n<p>Kori\u0161tenje ove web stranice regulirano je Op\u0107im uvjetima kori\u0161tenja, molimo vas da ih pa\u017eljivo pro\u010ditate jer pristup ovoj web stranici i kori\u0161tenje njezinog sadr\u017eaja podrazumijeva njihovo potpuno prihva\u0107anje.<\/p>\n<h3><strong>Tko je odgovoran za obradu va\u0161ih podataka<\/strong>?<\/h3>\n<p>InnoThyroGen projekt financiran od strane EU prema Ugovoru o dodjeli bespovratnih sredstava br. 101187880<\/p>\n<p>E-mail: info@innothyrogen.eu<\/p>\n<p>Web stranicu projekta kontrolira Konistra d.o.o., Doverska 13, 21000 Split, HRVATSKA, u daljnjem tekstu KONTROLOR.<\/p>\n<p>Putem ove web stranice, KONTROLOR vas \u017eeli informirati o aktivnostima i uslugama projekta InnoThyroGen. KONTROLOR mo\u017ee, ovisno o razvoju i napretku tvrtke i sektora, pro\u0161iriti svoju web stranicu kako bi uklju\u010dio nove usluge, aktivnosti ili sadr\u017eaje, s ciljem pobolj\u0161anja usluga i kvalitete pru\u017eene usluge. Suprotno tome, KONTROLOR tako\u0111er zadr\u017eava pravo otkazati, izmijeniti, zamijeniti ili ograni\u010diti sadr\u017eaje, usluge ili aktivnosti, izri\u010dito i bez prethodne obavijesti korisnicima.  <\/p>\n<h3><strong>Koje podatke prikupljamo?<\/strong><\/h3>\n<p><strong>Kontakt obrasci i newsletter<\/strong><\/p>\n<p>Prikupljamo identifikacijske podatke korisnika i posjetitelja web stranice koji \u017eele zatra\u017eiti kontakt informacije (ime, e-mail adresa) i registrirati se za primanje informacija putem newslettera (ime, e-mail adresa i dr\u017eava).<\/p>\n<p><strong>Ugra\u0111eni sadr\u017eaj s drugih web stranica<\/strong><\/p>\n<p>\u010clanci na ovoj stranici mogu uklju\u010divati ugra\u0111eni sadr\u017eaj (npr. videozapise, slike, \u010dlanke itd.). Ugra\u0111eni sadr\u017eaj s drugih web stranica pona\u0161a se na isti na\u010din kao da je posjetitelj posjetio drugu web stranicu. <\/p>\n<p>Te web stranice mogu prikupljati podatke o vama, koristiti kola\u010di\u0107e, ugra\u0111ivati dodatno pra\u0107enje tre\u0107ih strana i pratiti va\u0161u interakciju s tim ugra\u0111enim sadr\u017eajem, uklju\u010duju\u0107i pra\u0107enje va\u0161e interakcije s ugra\u0111enim sadr\u017eajem ako imate ra\u010dun i prijavljeni ste na tu web stranicu.<\/p>\n<p><strong>Analitika<\/strong><\/p>\n<p>Google Analytics je usluga web analitike koju pru\u017ea Google, Inc. koja koristi kola\u010di\u0107e kako bi pomogla analizirati kako korisnici koriste web stranicu.<\/p>\n<h3><strong>Kako i gdje se dijele va\u0161e informacije?<\/strong><\/h3>\n<p>Projekt InnoThyroGen osigurava povjerljivost dostavljenih podataka i jam\u010di da ni u kojem slu\u010daju ne\u0107e biti preneseni tre\u0107im stranama.<\/p>\n<p>Osobni podaci koje navedete prilikom popunjavanja obrazaca uklju\u010deni su u na\u0161u bazu podataka i koriste se samo za obradu va\u0161ih zahtjeva i\/ili slanje informacija o na\u0161im uslugama ako ste to zatra\u017eili.<\/p>\n<p>Kako bi pru\u017eio usluge strogo potrebne za razvoj aktivnosti, projekt InnoThyroGen dijeli podatke sa sljede\u0107im pru\u017eateljima usluga prema njihovim uvjetima privatnosti:<\/p>\n<ul>\n<li>Google Analytics: usluga web analitike koju pru\u017ea Google, Inc. Koristite kola\u010di\u0107e, koji su tekstualne datoteke postavljene na va\u0161e ra\u010dunalo, kako biste pomogli analizirati kako korisnici koriste web stranicu. (Pogledajte na\u0161u politiku kola\u010di\u0107a)  <\/li>\n<li>Komentari posjetitelja mogu se provjeriti putem automatizirane usluge za otkrivanje ne\u017eeljene po\u0161te.<\/li>\n<li>InnoThyroGen ne dijeli va\u0161e osobne podatke s pru\u017eateljima usluga hostinga ili sadr\u017eaja.<\/li>\n<\/ul>\n<h3><strong>Koliko dugo zadr\u017eavamo va\u0161e podatke<\/strong><\/h3>\n<p>Osobni podaci koje ste dostavili zadr\u017eavat \u0107e se dok ne bude zatra\u017eeno brisanje od strane nositelja podataka ili tijekom godina potrebnih za ispunjavanje zakonskih obveza.<\/p>\n<p>Ako ostavite komentar, komentar i njegovi metapodaci zadr\u017eavaju se na neodre\u0111eno vrijeme. To je kako bismo mogli automatski prepoznati i odobriti sve naknadne komentare umjesto da ih dr\u017eimo u redu za moderiranje. <\/p>\n<p>Za korisnike koji se registriraju na na\u0161oj web stranici (ako ih ima), tako\u0111er pohranjujemo osobne podatke koje pru\u017eaju u svom korisni\u010dkom profilu. Svi korisnici mogu vidjeti, ure\u0111ivati ili brisati svoje osobne podatke u bilo kojem trenutku (osim \u0161to ne mogu promijeniti svoje korisni\u010dko ime). Administratori web stranice tako\u0111er mogu vidjeti i ure\u0111ivati te informacije.  <\/p>\n<h3><strong>Sigurnost va\u0161ih podataka<\/strong><\/h3>\n<p>Projekt InnoThyroGen pridaje veliku va\u017enost sigurnosti svih osobnih podataka na\u0161ih korisnika. Me\u0111utim, ne mo\u017ee jam\u010diti apsolutnu neprobojnost Interneta. <\/p>\n<p>Na\u0161a web stranica mo\u017ee sadr\u017eavati poveznice na i s drugih web stranica. Ako pristupite tim stranicama, imajte na umu da \u0107ete mo\u017eda biti zatra\u017eeni da na tim stranicama navedete osobne podatke ili informacije. Stoga preporu\u010dujemo da prilikom posjeta tim stranicama pregledate njihova pravila privatnosti i pravne obavijesti.  <\/p>\n<h3><strong>Va\u0161a prava i pristup informacijama<\/strong><\/h3>\n<p>U skladu s va\u017ee\u0107im zakonodavstvom, mo\u017eete imati sljede\u0107a prava:<\/p>\n<ul>\n<li>Pravo na pristup informacijama koje imamo o va\u0161im osobnim podacima.<\/li>\n<li>Pravo na ispravak va\u0161ih podataka, prema kojem \u0107emo a\u017eurirati i a\u017eurirati informacije i podatke koje imamo prema informacijama koje nam pru\u017eite.<\/li>\n<li>Pravo na prijenos va\u0161ih podataka.<\/li>\n<li>Pravo na brisanje va\u0161ih podataka.<\/li>\n<li>Pravo na prigovor na na\u0161u obradu va\u0161ih osobnih podataka.<\/li>\n<li>Pravo na podno\u0161enje pritu\u017ebe projektu InnoThyroGen i\/ili nadle\u017enom tijelu za za\u0161titu podataka.<\/li>\n<\/ul>\n<p>U bilo kojem trenutku mo\u017eete nas, potpuno besplatno, bilo pismom ili e-mailom, zatra\u017eiti da ostvarite svoja prava, a ako je tako, morate u svom zahtjevu prilo\u017eiti fotokopiju svoje osobne iskaznice\/paso\u0161a, jer je to vrlo osobno pravo. Ako imate ra\u010dun na ovoj stranici ili ste ostavili komentare, mo\u017eete zatra\u017eiti da primite izvezenu datoteku osobnih podataka koje imamo o vama, uklju\u010duju\u0107i sve podatke koje ste nam pru\u017eili. Tako\u0111er mo\u017eete zatra\u017eiti da izbri\u0161emo sve osobne podatke koje imamo o vama. To ne uklju\u010duje podatke koje smo du\u017eni \u010duvati u administrativne, pravne ili sigurnosne svrhe.   <\/p>\n<p>Va\u0161 zahtjev treba poslati na\u0161em slu\u017ebeniku za privatnost na sljede\u0107u adresu:<\/p>\n<p>Projekt InnoThyroGen<\/p>\n<p>E-mail: info@innothyrogen.eu<\/p>\n<h3><strong>Promjene Pravila privatnosti<\/strong><\/h3>\n<p>Projekt InnoThyroGen zadr\u017eava pravo izmjene na\u0161ih Pravila privatnosti i obrade osobnih podataka kako bi ih prilagodio novom zakonodavstvu ili sudskoj praksi. Preporu\u010dujemo da ga posjetite svaki put kada pregledavate web stranicu, kako biste uvijek bili unaprijed informirani o svim informacijama koje nam mo\u017eete pru\u017eiti. <\/p>\t\t\t\t\t\t\t\t<\/div>\n\t\t\t\t<\/div>\n\t\t\t\t\t<\/div>\n\t\t\t\t<\/div>\n\t\t\t\t<\/div>\n\t\t","protected":false},"excerpt":{"rendered":"<p>U skladu s va\u017ee\u0107om EU Uredbom o op\u0107oj za\u0161titi podataka, u ovim Pravilima privatnosti obavje\u0161tavamo vas o: Tko je odgovoran za obradu va\u0161ih podataka: Predstavljanje i identifikacija KONTROLORA Prihva\u0107anje Op\u0107ih uvjeta i kori\u0161tenje web stranice Koje podatke prikupljamo Kako i gdje se dijele informacije Sigurnost va\u0161ih podataka Prava i pristup informacijama Promjene Pravila privatnosti Kori\u0161tenje [&hellip;]<\/p>\n","protected":false},"author":1,"featured_media":0,"parent":0,"menu_order":0,"comment_status":"closed","ping_status":"closed","template":"","meta":{"footnotes":""},"class_list":["post-1443","page","type-page","status-publish","hentry"],"yoast_head":"<!-- This site is optimized with the Yoast SEO plugin v27.4 - https:\/\/yoast.com\/product\/yoast-seo-wordpress\/ -->\n<title>Pravila privatnosti - InnoThyroGen EU projekt<\/title>\n<meta name=\"robots\" content=\"index, follow, max-snippet:-1, max-image-preview:large, max-video-preview:-1\" \/>\n<link rel=\"canonical\" href=\"https:\/\/www.innothyrogen.eu\/hr\/pravila-privatnosti\/\" \/>\n<meta property=\"og:locale\" content=\"hr_HR\" \/>\n<meta property=\"og:type\" content=\"article\" \/>\n<meta property=\"og:title\" content=\"Pravila privatnosti - InnoThyroGen EU projekt\" \/>\n<meta property=\"og:description\" content=\"U skladu s va\u017ee\u0107om EU Uredbom o op\u0107oj za\u0161titi podataka, u ovim Pravilima privatnosti obavje\u0161tavamo vas o: Tko je odgovoran za obradu va\u0161ih podataka: Predstavljanje i identifikacija KONTROLORA Prihva\u0107anje Op\u0107ih uvjeta i kori\u0161tenje web stranice Koje podatke prikupljamo Kako i gdje se dijele informacije Sigurnost va\u0161ih podataka Prava i pristup informacijama Promjene Pravila privatnosti Kori\u0161tenje [&hellip;]\" \/>\n<meta property=\"og:url\" content=\"https:\/\/www.innothyrogen.eu\/hr\/pravila-privatnosti\/\" \/>\n<meta property=\"og:site_name\" content=\"InnoThyroGen EU projekt\" \/>\n<meta property=\"article:publisher\" content=\"https:\/\/www.facebook.com\/profile.php?id=61571994011521\" \/>\n<meta property=\"article:modified_time\" content=\"2025-12-04T09:50:49+00:00\" \/>\n<meta name=\"twitter:card\" content=\"summary_large_image\" \/>\n<meta name=\"twitter:site\" content=\"@innothyrogenEU\" \/>\n<meta name=\"twitter:label1\" content=\"Procijenjeno vrijeme \u010ditanja\" \/>\n\t<meta name=\"twitter:data1\" content=\"5 minuta\" \/>\n<script type=\"application\/ld+json\" class=\"yoast-schema-graph\">{\"@context\":\"https:\\\/\\\/schema.org\",\"@graph\":[{\"@type\":\"WebPage\",\"@id\":\"https:\\\/\\\/www.innothyrogen.eu\\\/hr\\\/pravila-privatnosti\\\/\",\"url\":\"https:\\\/\\\/www.innothyrogen.eu\\\/hr\\\/pravila-privatnosti\\\/\",\"name\":\"Pravila privatnosti - InnoThyroGen EU projekt\",\"isPartOf\":{\"@id\":\"https:\\\/\\\/www.innothyrogen.eu\\\/hr\\\/#website\"},\"datePublished\":\"2025-01-14T19:17:21+00:00\",\"dateModified\":\"2025-12-04T09:50:49+00:00\",\"breadcrumb\":{\"@id\":\"https:\\\/\\\/www.innothyrogen.eu\\\/hr\\\/pravila-privatnosti\\\/#breadcrumb\"},\"inLanguage\":\"hr\",\"potentialAction\":[{\"@type\":\"ReadAction\",\"target\":[\"https:\\\/\\\/www.innothyrogen.eu\\\/hr\\\/pravila-privatnosti\\\/\"]}]},{\"@type\":\"BreadcrumbList\",\"@id\":\"https:\\\/\\\/www.innothyrogen.eu\\\/hr\\\/pravila-privatnosti\\\/#breadcrumb\",\"itemListElement\":[{\"@type\":\"ListItem\",\"position\":1,\"name\":\"Po\u010detna\",\"item\":\"https:\\\/\\\/www.innothyrogen.eu\\\/hr\\\/\"},{\"@type\":\"ListItem\",\"position\":2,\"name\":\"Pravila privatnosti\"}]},{\"@type\":\"WebSite\",\"@id\":\"https:\\\/\\\/www.innothyrogen.eu\\\/hr\\\/#website\",\"url\":\"https:\\\/\\\/www.innothyrogen.eu\\\/hr\\\/\",\"name\":\"InnoThyroGen EU Project\",\"description\":\"Inovacije u zdravlju \u0161titnja\u010de s genomikom i prediktivnim algoritmima kroz suradni\u010dku izvrsnost\",\"publisher\":{\"@id\":\"https:\\\/\\\/www.innothyrogen.eu\\\/hr\\\/#organization\"},\"potentialAction\":[{\"@type\":\"SearchAction\",\"target\":{\"@type\":\"EntryPoint\",\"urlTemplate\":\"https:\\\/\\\/www.innothyrogen.eu\\\/hr\\\/?s={search_term_string}\"},\"query-input\":{\"@type\":\"PropertyValueSpecification\",\"valueRequired\":true,\"valueName\":\"search_term_string\"}}],\"inLanguage\":\"hr\"},{\"@type\":\"Organization\",\"@id\":\"https:\\\/\\\/www.innothyrogen.eu\\\/hr\\\/#organization\",\"name\":\"InnoThyroGen EU projekt\",\"url\":\"https:\\\/\\\/www.innothyrogen.eu\\\/hr\\\/\",\"logo\":{\"@type\":\"ImageObject\",\"inLanguage\":\"hr\",\"@id\":\"https:\\\/\\\/www.innothyrogen.eu\\\/hr\\\/#\\\/schema\\\/logo\\\/image\\\/\",\"url\":\"https:\\\/\\\/www.innothyrogen.eu\\\/wp-content\\\/uploads\\\/2025\\\/03\\\/logo_EMAIL_without_bacground_vertical.png\",\"contentUrl\":\"https:\\\/\\\/www.innothyrogen.eu\\\/wp-content\\\/uploads\\\/2025\\\/03\\\/logo_EMAIL_without_bacground_vertical.png\",\"width\":534,\"height\":520,\"caption\":\"InnoThyroGen EU projekt\"},\"image\":{\"@id\":\"https:\\\/\\\/www.innothyrogen.eu\\\/hr\\\/#\\\/schema\\\/logo\\\/image\\\/\"},\"sameAs\":[\"https:\\\/\\\/www.facebook.com\\\/profile.php?id=61571994011521\",\"https:\\\/\\\/x.com\\\/innothyrogenEU\",\"https:\\\/\\\/www.linkedin.com\\\/company\\\/innothyrogen-eu-project\\\/\"]}]}<\/script>\n<!-- \/ Yoast SEO plugin. -->","yoast_head_json":{"title":"Pravila privatnosti - InnoThyroGen EU projekt","robots":{"index":"index","follow":"follow","max-snippet":"max-snippet:-1","max-image-preview":"max-image-preview:large","max-video-preview":"max-video-preview:-1"},"canonical":"https:\/\/www.innothyrogen.eu\/hr\/pravila-privatnosti\/","og_locale":"hr_HR","og_type":"article","og_title":"Pravila privatnosti - InnoThyroGen EU projekt","og_description":"U skladu s va\u017ee\u0107om EU Uredbom o op\u0107oj za\u0161titi podataka, u ovim Pravilima privatnosti obavje\u0161tavamo vas o: Tko je odgovoran za obradu va\u0161ih podataka: Predstavljanje i identifikacija KONTROLORA Prihva\u0107anje Op\u0107ih uvjeta i kori\u0161tenje web stranice Koje podatke prikupljamo Kako i gdje se dijele informacije Sigurnost va\u0161ih podataka Prava i pristup informacijama Promjene Pravila privatnosti Kori\u0161tenje [&hellip;]","og_url":"https:\/\/www.innothyrogen.eu\/hr\/pravila-privatnosti\/","og_site_name":"InnoThyroGen EU projekt","article_publisher":"https:\/\/www.facebook.com\/profile.php?id=61571994011521","article_modified_time":"2025-12-04T09:50:49+00:00","twitter_card":"summary_large_image","twitter_site":"@innothyrogenEU","twitter_misc":{"Procijenjeno vrijeme \u010ditanja":"5 minuta"},"schema":{"@context":"https:\/\/schema.org","@graph":[{"@type":"WebPage","@id":"https:\/\/www.innothyrogen.eu\/hr\/pravila-privatnosti\/","url":"https:\/\/www.innothyrogen.eu\/hr\/pravila-privatnosti\/","name":"Pravila privatnosti - InnoThyroGen EU projekt","isPartOf":{"@id":"https:\/\/www.innothyrogen.eu\/hr\/#website"},"datePublished":"2025-01-14T19:17:21+00:00","dateModified":"2025-12-04T09:50:49+00:00","breadcrumb":{"@id":"https:\/\/www.innothyrogen.eu\/hr\/pravila-privatnosti\/#breadcrumb"},"inLanguage":"hr","potentialAction":[{"@type":"ReadAction","target":["https:\/\/www.innothyrogen.eu\/hr\/pravila-privatnosti\/"]}]},{"@type":"BreadcrumbList","@id":"https:\/\/www.innothyrogen.eu\/hr\/pravila-privatnosti\/#breadcrumb","itemListElement":[{"@type":"ListItem","position":1,"name":"Po\u010detna","item":"https:\/\/www.innothyrogen.eu\/hr\/"},{"@type":"ListItem","position":2,"name":"Pravila privatnosti"}]},{"@type":"WebSite","@id":"https:\/\/www.innothyrogen.eu\/hr\/#website","url":"https:\/\/www.innothyrogen.eu\/hr\/","name":"InnoThyroGen EU Project","description":"Inovacije u zdravlju \u0161titnja\u010de s genomikom i prediktivnim algoritmima kroz suradni\u010dku izvrsnost","publisher":{"@id":"https:\/\/www.innothyrogen.eu\/hr\/#organization"},"potentialAction":[{"@type":"SearchAction","target":{"@type":"EntryPoint","urlTemplate":"https:\/\/www.innothyrogen.eu\/hr\/?s={search_term_string}"},"query-input":{"@type":"PropertyValueSpecification","valueRequired":true,"valueName":"search_term_string"}}],"inLanguage":"hr"},{"@type":"Organization","@id":"https:\/\/www.innothyrogen.eu\/hr\/#organization","name":"InnoThyroGen EU projekt","url":"https:\/\/www.innothyrogen.eu\/hr\/","logo":{"@type":"ImageObject","inLanguage":"hr","@id":"https:\/\/www.innothyrogen.eu\/hr\/#\/schema\/logo\/image\/","url":"https:\/\/www.innothyrogen.eu\/wp-content\/uploads\/2025\/03\/logo_EMAIL_without_bacground_vertical.png","contentUrl":"https:\/\/www.innothyrogen.eu\/wp-content\/uploads\/2025\/03\/logo_EMAIL_without_bacground_vertical.png","width":534,"height":520,"caption":"InnoThyroGen EU projekt"},"image":{"@id":"https:\/\/www.innothyrogen.eu\/hr\/#\/schema\/logo\/image\/"},"sameAs":["https:\/\/www.facebook.com\/profile.php?id=61571994011521","https:\/\/x.com\/innothyrogenEU","https:\/\/www.linkedin.com\/company\/innothyrogen-eu-project\/"]}]}},"_links":{"self":[{"href":"https:\/\/www.innothyrogen.eu\/hr\/wp-json\/wp\/v2\/pages\/1443","targetHints":{"allow":["GET"]}}],"collection":[{"href":"https:\/\/www.innothyrogen.eu\/hr\/wp-json\/wp\/v2\/pages"}],"about":[{"href":"https:\/\/www.innothyrogen.eu\/hr\/wp-json\/wp\/v2\/types\/page"}],"author":[{"embeddable":true,"href":"https:\/\/www.innothyrogen.eu\/hr\/wp-json\/wp\/v2\/users\/1"}],"replies":[{"embeddable":true,"href":"https:\/\/www.innothyrogen.eu\/hr\/wp-json\/wp\/v2\/comments?post=1443"}],"version-history":[{"count":1,"href":"https:\/\/www.innothyrogen.eu\/hr\/wp-json\/wp\/v2\/pages\/1443\/revisions"}],"predecessor-version":[{"id":1444,"href":"https:\/\/www.innothyrogen.eu\/hr\/wp-json\/wp\/v2\/pages\/1443\/revisions\/1444"}],"wp:attachment":[{"href":"https:\/\/www.innothyrogen.eu\/hr\/wp-json\/wp\/v2\/media?parent=1443"}],"curies":[{"name":"wp","href":"https:\/\/api.w.org\/{rel}","templated":true}]}}