{"id":1366,"date":"2025-01-15T12:52:38","date_gmt":"2025-01-15T12:52:38","guid":{"rendered":"https:\/\/www.innothyrogen.eu\/centar-znanja\/znanstvene-publikacije\/"},"modified":"2025-12-04T09:49:20","modified_gmt":"2025-12-04T09:49:20","slug":"znanstvene-publikacije","status":"publish","type":"page","link":"https:\/\/www.innothyrogen.eu\/hr\/centar-znanja\/znanstvene-publikacije\/","title":{"rendered":"Znanstvene publikacije"},"content":{"rendered":"<style>.elementor-1366 .elementor-element.elementor-element-c12df0f{--display:flex;--flex-direction:column;--container-widget-width:100%;--container-widget-height:initial;--container-widget-flex-grow:0;--container-widget-align-self:initial;--flex-wrap-mobile:wrap;}<\/style>\t\t<div data-elementor-type=\"wp-page\" data-elementor-id=\"1366\" class=\"elementor elementor-1366 elementor-116\" data-elementor-post-type=\"page\">\n\t\t\t\t<div class=\"elementor-element elementor-element-c12df0f e-flex e-con-boxed e-con e-parent\" data-id=\"c12df0f\" data-element_type=\"container\" data-e-type=\"container\">\n\t\t\t\t\t<div class=\"e-con-inner\">\n\t\t\t\t<div class=\"elementor-element elementor-element-03600b9 elementor-widget elementor-widget-text-editor\" data-id=\"03600b9\" data-element_type=\"widget\" data-e-type=\"widget\" data-widget_type=\"text-editor.default\">\n\t\t\t\t<div class=\"elementor-widget-container\">\n\t\t\t\t\t\t\t\t\t<p>Pregledajte recenzirane \u010dlanke i radove tima InnoThyroGen, isti\u010du\u0107i klju\u010dne uvide u autoimunitet \u0161titnja\u010de.<\/p>\t\t\t\t\t\t\t\t<\/div>\n\t\t\t\t<\/div>\n\t\t\t\t\t<\/div>\n\t\t\t\t<\/div>\n\t\t\t\t<\/div>\n\t\t","protected":false},"excerpt":{"rendered":"<p>Pregledajte recenzirane \u010dlanke i radove tima InnoThyroGen, isti\u010du\u0107i klju\u010dne uvide u autoimunitet \u0161titnja\u010de.<\/p>\n","protected":false},"author":1,"featured_media":0,"parent":1231,"menu_order":0,"comment_status":"closed","ping_status":"closed","template":"","meta":{"footnotes":""},"class_list":["post-1366","page","type-page","status-publish","hentry"],"yoast_head":"<!-- This site is optimized with the Yoast SEO plugin v27.4 - https:\/\/yoast.com\/product\/yoast-seo-wordpress\/ -->\n<title>Znanstvene publikacije - InnoThyroGen EU projekt<\/title>\n<meta name=\"robots\" content=\"index, follow, max-snippet:-1, max-image-preview:large, max-video-preview:-1\" \/>\n<link rel=\"canonical\" href=\"https:\/\/www.innothyrogen.eu\/hr\/centar-znanja\/znanstvene-publikacije\/\" \/>\n<meta property=\"og:locale\" content=\"hr_HR\" \/>\n<meta property=\"og:type\" content=\"article\" \/>\n<meta property=\"og:title\" content=\"Znanstvene publikacije - InnoThyroGen EU projekt\" \/>\n<meta property=\"og:description\" content=\"Pregledajte recenzirane \u010dlanke i radove tima InnoThyroGen, isti\u010du\u0107i klju\u010dne uvide u autoimunitet \u0161titnja\u010de.\" \/>\n<meta property=\"og:url\" content=\"https:\/\/www.innothyrogen.eu\/hr\/centar-znanja\/znanstvene-publikacije\/\" \/>\n<meta property=\"og:site_name\" content=\"InnoThyroGen EU projekt\" \/>\n<meta property=\"article:publisher\" content=\"https:\/\/www.facebook.com\/profile.php?id=61571994011521\" \/>\n<meta property=\"article:modified_time\" content=\"2025-12-04T09:49:20+00:00\" \/>\n<meta name=\"twitter:card\" content=\"summary_large_image\" \/>\n<meta name=\"twitter:site\" content=\"@innothyrogenEU\" \/>\n<script type=\"application\/ld+json\" class=\"yoast-schema-graph\">{\"@context\":\"https:\\\/\\\/schema.org\",\"@graph\":[{\"@type\":\"WebPage\",\"@id\":\"https:\\\/\\\/www.innothyrogen.eu\\\/hr\\\/centar-znanja\\\/znanstvene-publikacije\\\/\",\"url\":\"https:\\\/\\\/www.innothyrogen.eu\\\/hr\\\/centar-znanja\\\/znanstvene-publikacije\\\/\",\"name\":\"Znanstvene publikacije - InnoThyroGen EU projekt\",\"isPartOf\":{\"@id\":\"https:\\\/\\\/www.innothyrogen.eu\\\/hr\\\/#website\"},\"datePublished\":\"2025-01-15T12:52:38+00:00\",\"dateModified\":\"2025-12-04T09:49:20+00:00\",\"breadcrumb\":{\"@id\":\"https:\\\/\\\/www.innothyrogen.eu\\\/hr\\\/centar-znanja\\\/znanstvene-publikacije\\\/#breadcrumb\"},\"inLanguage\":\"hr\",\"potentialAction\":[{\"@type\":\"ReadAction\",\"target\":[\"https:\\\/\\\/www.innothyrogen.eu\\\/hr\\\/centar-znanja\\\/znanstvene-publikacije\\\/\"]}]},{\"@type\":\"BreadcrumbList\",\"@id\":\"https:\\\/\\\/www.innothyrogen.eu\\\/hr\\\/centar-znanja\\\/znanstvene-publikacije\\\/#breadcrumb\",\"itemListElement\":[{\"@type\":\"ListItem\",\"position\":1,\"name\":\"Po\u010detna\",\"item\":\"https:\\\/\\\/www.innothyrogen.eu\\\/hr\\\/\"},{\"@type\":\"ListItem\",\"position\":2,\"name\":\"Centar znanja\",\"item\":\"https:\\\/\\\/www.innothyrogen.eu\\\/hr\\\/centar-znanja\\\/\"},{\"@type\":\"ListItem\",\"position\":3,\"name\":\"Znanstvene publikacije\"}]},{\"@type\":\"WebSite\",\"@id\":\"https:\\\/\\\/www.innothyrogen.eu\\\/hr\\\/#website\",\"url\":\"https:\\\/\\\/www.innothyrogen.eu\\\/hr\\\/\",\"name\":\"InnoThyroGen EU Project\",\"description\":\"Inovacije u zdravlju \u0161titnja\u010de s genomikom i prediktivnim algoritmima kroz suradni\u010dku izvrsnost\",\"publisher\":{\"@id\":\"https:\\\/\\\/www.innothyrogen.eu\\\/hr\\\/#organization\"},\"potentialAction\":[{\"@type\":\"SearchAction\",\"target\":{\"@type\":\"EntryPoint\",\"urlTemplate\":\"https:\\\/\\\/www.innothyrogen.eu\\\/hr\\\/?s={search_term_string}\"},\"query-input\":{\"@type\":\"PropertyValueSpecification\",\"valueRequired\":true,\"valueName\":\"search_term_string\"}}],\"inLanguage\":\"hr\"},{\"@type\":\"Organization\",\"@id\":\"https:\\\/\\\/www.innothyrogen.eu\\\/hr\\\/#organization\",\"name\":\"InnoThyroGen EU projekt\",\"url\":\"https:\\\/\\\/www.innothyrogen.eu\\\/hr\\\/\",\"logo\":{\"@type\":\"ImageObject\",\"inLanguage\":\"hr\",\"@id\":\"https:\\\/\\\/www.innothyrogen.eu\\\/hr\\\/#\\\/schema\\\/logo\\\/image\\\/\",\"url\":\"https:\\\/\\\/www.innothyrogen.eu\\\/wp-content\\\/uploads\\\/2025\\\/03\\\/logo_EMAIL_without_bacground_vertical.png\",\"contentUrl\":\"https:\\\/\\\/www.innothyrogen.eu\\\/wp-content\\\/uploads\\\/2025\\\/03\\\/logo_EMAIL_without_bacground_vertical.png\",\"width\":534,\"height\":520,\"caption\":\"InnoThyroGen EU projekt\"},\"image\":{\"@id\":\"https:\\\/\\\/www.innothyrogen.eu\\\/hr\\\/#\\\/schema\\\/logo\\\/image\\\/\"},\"sameAs\":[\"https:\\\/\\\/www.facebook.com\\\/profile.php?id=61571994011521\",\"https:\\\/\\\/x.com\\\/innothyrogenEU\",\"https:\\\/\\\/www.linkedin.com\\\/company\\\/innothyrogen-eu-project\\\/\"]}]}<\/script>\n<!-- \/ Yoast SEO plugin. -->","yoast_head_json":{"title":"Znanstvene publikacije - InnoThyroGen EU projekt","robots":{"index":"index","follow":"follow","max-snippet":"max-snippet:-1","max-image-preview":"max-image-preview:large","max-video-preview":"max-video-preview:-1"},"canonical":"https:\/\/www.innothyrogen.eu\/hr\/centar-znanja\/znanstvene-publikacije\/","og_locale":"hr_HR","og_type":"article","og_title":"Znanstvene publikacije - InnoThyroGen EU projekt","og_description":"Pregledajte recenzirane \u010dlanke i radove tima InnoThyroGen, isti\u010du\u0107i klju\u010dne uvide u autoimunitet \u0161titnja\u010de.","og_url":"https:\/\/www.innothyrogen.eu\/hr\/centar-znanja\/znanstvene-publikacije\/","og_site_name":"InnoThyroGen EU projekt","article_publisher":"https:\/\/www.facebook.com\/profile.php?id=61571994011521","article_modified_time":"2025-12-04T09:49:20+00:00","twitter_card":"summary_large_image","twitter_site":"@innothyrogenEU","schema":{"@context":"https:\/\/schema.org","@graph":[{"@type":"WebPage","@id":"https:\/\/www.innothyrogen.eu\/hr\/centar-znanja\/znanstvene-publikacije\/","url":"https:\/\/www.innothyrogen.eu\/hr\/centar-znanja\/znanstvene-publikacije\/","name":"Znanstvene publikacije - InnoThyroGen EU projekt","isPartOf":{"@id":"https:\/\/www.innothyrogen.eu\/hr\/#website"},"datePublished":"2025-01-15T12:52:38+00:00","dateModified":"2025-12-04T09:49:20+00:00","breadcrumb":{"@id":"https:\/\/www.innothyrogen.eu\/hr\/centar-znanja\/znanstvene-publikacije\/#breadcrumb"},"inLanguage":"hr","potentialAction":[{"@type":"ReadAction","target":["https:\/\/www.innothyrogen.eu\/hr\/centar-znanja\/znanstvene-publikacije\/"]}]},{"@type":"BreadcrumbList","@id":"https:\/\/www.innothyrogen.eu\/hr\/centar-znanja\/znanstvene-publikacije\/#breadcrumb","itemListElement":[{"@type":"ListItem","position":1,"name":"Po\u010detna","item":"https:\/\/www.innothyrogen.eu\/hr\/"},{"@type":"ListItem","position":2,"name":"Centar znanja","item":"https:\/\/www.innothyrogen.eu\/hr\/centar-znanja\/"},{"@type":"ListItem","position":3,"name":"Znanstvene publikacije"}]},{"@type":"WebSite","@id":"https:\/\/www.innothyrogen.eu\/hr\/#website","url":"https:\/\/www.innothyrogen.eu\/hr\/","name":"InnoThyroGen EU Project","description":"Inovacije u zdravlju \u0161titnja\u010de s genomikom i prediktivnim algoritmima kroz suradni\u010dku izvrsnost","publisher":{"@id":"https:\/\/www.innothyrogen.eu\/hr\/#organization"},"potentialAction":[{"@type":"SearchAction","target":{"@type":"EntryPoint","urlTemplate":"https:\/\/www.innothyrogen.eu\/hr\/?s={search_term_string}"},"query-input":{"@type":"PropertyValueSpecification","valueRequired":true,"valueName":"search_term_string"}}],"inLanguage":"hr"},{"@type":"Organization","@id":"https:\/\/www.innothyrogen.eu\/hr\/#organization","name":"InnoThyroGen EU projekt","url":"https:\/\/www.innothyrogen.eu\/hr\/","logo":{"@type":"ImageObject","inLanguage":"hr","@id":"https:\/\/www.innothyrogen.eu\/hr\/#\/schema\/logo\/image\/","url":"https:\/\/www.innothyrogen.eu\/wp-content\/uploads\/2025\/03\/logo_EMAIL_without_bacground_vertical.png","contentUrl":"https:\/\/www.innothyrogen.eu\/wp-content\/uploads\/2025\/03\/logo_EMAIL_without_bacground_vertical.png","width":534,"height":520,"caption":"InnoThyroGen EU projekt"},"image":{"@id":"https:\/\/www.innothyrogen.eu\/hr\/#\/schema\/logo\/image\/"},"sameAs":["https:\/\/www.facebook.com\/profile.php?id=61571994011521","https:\/\/x.com\/innothyrogenEU","https:\/\/www.linkedin.com\/company\/innothyrogen-eu-project\/"]}]}},"_links":{"self":[{"href":"https:\/\/www.innothyrogen.eu\/hr\/wp-json\/wp\/v2\/pages\/1366","targetHints":{"allow":["GET"]}}],"collection":[{"href":"https:\/\/www.innothyrogen.eu\/hr\/wp-json\/wp\/v2\/pages"}],"about":[{"href":"https:\/\/www.innothyrogen.eu\/hr\/wp-json\/wp\/v2\/types\/page"}],"author":[{"embeddable":true,"href":"https:\/\/www.innothyrogen.eu\/hr\/wp-json\/wp\/v2\/users\/1"}],"replies":[{"embeddable":true,"href":"https:\/\/www.innothyrogen.eu\/hr\/wp-json\/wp\/v2\/comments?post=1366"}],"version-history":[{"count":1,"href":"https:\/\/www.innothyrogen.eu\/hr\/wp-json\/wp\/v2\/pages\/1366\/revisions"}],"predecessor-version":[{"id":1367,"href":"https:\/\/www.innothyrogen.eu\/hr\/wp-json\/wp\/v2\/pages\/1366\/revisions\/1367"}],"up":[{"embeddable":true,"href":"https:\/\/www.innothyrogen.eu\/hr\/wp-json\/wp\/v2\/pages\/1231"}],"wp:attachment":[{"href":"https:\/\/www.innothyrogen.eu\/hr\/wp-json\/wp\/v2\/media?parent=1366"}],"curies":[{"name":"wp","href":"https:\/\/api.w.org\/{rel}","templated":true}]}}