{"id":1245,"date":"2025-06-24T12:59:44","date_gmt":"2025-06-24T12:59:44","guid":{"rendered":"https:\/\/www.innothyrogen.eu\/pretplatite-se-na-bilten\/"},"modified":"2025-12-04T09:41:10","modified_gmt":"2025-12-04T09:41:10","slug":"pretplatite-se-na-bilten","status":"publish","type":"page","link":"https:\/\/www.innothyrogen.eu\/hr\/pretplatite-se-na-bilten\/","title":{"rendered":"Pretplatite se na bilten"},"content":{"rendered":"","protected":false},"excerpt":{"rendered":"","protected":false},"author":1,"featured_media":0,"parent":0,"menu_order":0,"comment_status":"closed","ping_status":"closed","template":"","meta":{"footnotes":""},"class_list":["post-1245","page","type-page","status-publish","hentry"],"yoast_head":"<!-- This site is optimized with the Yoast SEO plugin v27.4 - https:\/\/yoast.com\/product\/yoast-seo-wordpress\/ -->\n<title>Pretplatite se na bilten - InnoThyroGen EU projekt<\/title>\n<meta name=\"robots\" content=\"index, follow, max-snippet:-1, max-image-preview:large, max-video-preview:-1\" \/>\n<link rel=\"canonical\" href=\"https:\/\/www.innothyrogen.eu\/hr\/pretplatite-se-na-bilten\/\" \/>\n<meta property=\"og:locale\" content=\"hr_HR\" \/>\n<meta property=\"og:type\" content=\"article\" \/>\n<meta property=\"og:title\" content=\"Pretplatite se na bilten - InnoThyroGen EU projekt\" \/>\n<meta property=\"og:url\" content=\"https:\/\/www.innothyrogen.eu\/hr\/pretplatite-se-na-bilten\/\" \/>\n<meta property=\"og:site_name\" content=\"InnoThyroGen EU projekt\" \/>\n<meta property=\"article:publisher\" content=\"https:\/\/www.facebook.com\/profile.php?id=61571994011521\" \/>\n<meta property=\"article:modified_time\" content=\"2025-12-04T09:41:10+00:00\" \/>\n<meta name=\"twitter:card\" content=\"summary_large_image\" \/>\n<meta name=\"twitter:site\" content=\"@innothyrogenEU\" \/>\n<script type=\"application\/ld+json\" class=\"yoast-schema-graph\">{\"@context\":\"https:\\\/\\\/schema.org\",\"@graph\":[{\"@type\":\"WebPage\",\"@id\":\"https:\\\/\\\/www.innothyrogen.eu\\\/hr\\\/pretplatite-se-na-bilten\\\/\",\"url\":\"https:\\\/\\\/www.innothyrogen.eu\\\/hr\\\/pretplatite-se-na-bilten\\\/\",\"name\":\"Pretplatite se na bilten - InnoThyroGen EU projekt\",\"isPartOf\":{\"@id\":\"https:\\\/\\\/www.innothyrogen.eu\\\/hr\\\/#website\"},\"datePublished\":\"2025-06-24T12:59:44+00:00\",\"dateModified\":\"2025-12-04T09:41:10+00:00\",\"breadcrumb\":{\"@id\":\"https:\\\/\\\/www.innothyrogen.eu\\\/hr\\\/pretplatite-se-na-bilten\\\/#breadcrumb\"},\"inLanguage\":\"hr\",\"potentialAction\":[{\"@type\":\"ReadAction\",\"target\":[\"https:\\\/\\\/www.innothyrogen.eu\\\/hr\\\/pretplatite-se-na-bilten\\\/\"]}]},{\"@type\":\"BreadcrumbList\",\"@id\":\"https:\\\/\\\/www.innothyrogen.eu\\\/hr\\\/pretplatite-se-na-bilten\\\/#breadcrumb\",\"itemListElement\":[{\"@type\":\"ListItem\",\"position\":1,\"name\":\"Po\u010detna\",\"item\":\"https:\\\/\\\/www.innothyrogen.eu\\\/hr\\\/\"},{\"@type\":\"ListItem\",\"position\":2,\"name\":\"Pretplatite se na bilten\"}]},{\"@type\":\"WebSite\",\"@id\":\"https:\\\/\\\/www.innothyrogen.eu\\\/hr\\\/#website\",\"url\":\"https:\\\/\\\/www.innothyrogen.eu\\\/hr\\\/\",\"name\":\"InnoThyroGen EU Project\",\"description\":\"Inovacije u zdravlju \u0161titnja\u010de s genomikom i prediktivnim algoritmima kroz suradni\u010dku izvrsnost\",\"publisher\":{\"@id\":\"https:\\\/\\\/www.innothyrogen.eu\\\/hr\\\/#organization\"},\"potentialAction\":[{\"@type\":\"SearchAction\",\"target\":{\"@type\":\"EntryPoint\",\"urlTemplate\":\"https:\\\/\\\/www.innothyrogen.eu\\\/hr\\\/?s={search_term_string}\"},\"query-input\":{\"@type\":\"PropertyValueSpecification\",\"valueRequired\":true,\"valueName\":\"search_term_string\"}}],\"inLanguage\":\"hr\"},{\"@type\":\"Organization\",\"@id\":\"https:\\\/\\\/www.innothyrogen.eu\\\/hr\\\/#organization\",\"name\":\"InnoThyroGen EU projekt\",\"url\":\"https:\\\/\\\/www.innothyrogen.eu\\\/hr\\\/\",\"logo\":{\"@type\":\"ImageObject\",\"inLanguage\":\"hr\",\"@id\":\"https:\\\/\\\/www.innothyrogen.eu\\\/hr\\\/#\\\/schema\\\/logo\\\/image\\\/\",\"url\":\"https:\\\/\\\/www.innothyrogen.eu\\\/wp-content\\\/uploads\\\/2025\\\/03\\\/logo_EMAIL_without_bacground_vertical.png\",\"contentUrl\":\"https:\\\/\\\/www.innothyrogen.eu\\\/wp-content\\\/uploads\\\/2025\\\/03\\\/logo_EMAIL_without_bacground_vertical.png\",\"width\":534,\"height\":520,\"caption\":\"InnoThyroGen EU projekt\"},\"image\":{\"@id\":\"https:\\\/\\\/www.innothyrogen.eu\\\/hr\\\/#\\\/schema\\\/logo\\\/image\\\/\"},\"sameAs\":[\"https:\\\/\\\/www.facebook.com\\\/profile.php?id=61571994011521\",\"https:\\\/\\\/x.com\\\/innothyrogenEU\",\"https:\\\/\\\/www.linkedin.com\\\/company\\\/innothyrogen-eu-project\\\/\"]}]}<\/script>\n<!-- \/ Yoast SEO plugin. -->","yoast_head_json":{"title":"Pretplatite se na bilten - InnoThyroGen EU projekt","robots":{"index":"index","follow":"follow","max-snippet":"max-snippet:-1","max-image-preview":"max-image-preview:large","max-video-preview":"max-video-preview:-1"},"canonical":"https:\/\/www.innothyrogen.eu\/hr\/pretplatite-se-na-bilten\/","og_locale":"hr_HR","og_type":"article","og_title":"Pretplatite se na bilten - InnoThyroGen EU projekt","og_url":"https:\/\/www.innothyrogen.eu\/hr\/pretplatite-se-na-bilten\/","og_site_name":"InnoThyroGen EU projekt","article_publisher":"https:\/\/www.facebook.com\/profile.php?id=61571994011521","article_modified_time":"2025-12-04T09:41:10+00:00","twitter_card":"summary_large_image","twitter_site":"@innothyrogenEU","schema":{"@context":"https:\/\/schema.org","@graph":[{"@type":"WebPage","@id":"https:\/\/www.innothyrogen.eu\/hr\/pretplatite-se-na-bilten\/","url":"https:\/\/www.innothyrogen.eu\/hr\/pretplatite-se-na-bilten\/","name":"Pretplatite se na bilten - InnoThyroGen EU projekt","isPartOf":{"@id":"https:\/\/www.innothyrogen.eu\/hr\/#website"},"datePublished":"2025-06-24T12:59:44+00:00","dateModified":"2025-12-04T09:41:10+00:00","breadcrumb":{"@id":"https:\/\/www.innothyrogen.eu\/hr\/pretplatite-se-na-bilten\/#breadcrumb"},"inLanguage":"hr","potentialAction":[{"@type":"ReadAction","target":["https:\/\/www.innothyrogen.eu\/hr\/pretplatite-se-na-bilten\/"]}]},{"@type":"BreadcrumbList","@id":"https:\/\/www.innothyrogen.eu\/hr\/pretplatite-se-na-bilten\/#breadcrumb","itemListElement":[{"@type":"ListItem","position":1,"name":"Po\u010detna","item":"https:\/\/www.innothyrogen.eu\/hr\/"},{"@type":"ListItem","position":2,"name":"Pretplatite se na bilten"}]},{"@type":"WebSite","@id":"https:\/\/www.innothyrogen.eu\/hr\/#website","url":"https:\/\/www.innothyrogen.eu\/hr\/","name":"InnoThyroGen EU Project","description":"Inovacije u zdravlju \u0161titnja\u010de s genomikom i prediktivnim algoritmima kroz suradni\u010dku izvrsnost","publisher":{"@id":"https:\/\/www.innothyrogen.eu\/hr\/#organization"},"potentialAction":[{"@type":"SearchAction","target":{"@type":"EntryPoint","urlTemplate":"https:\/\/www.innothyrogen.eu\/hr\/?s={search_term_string}"},"query-input":{"@type":"PropertyValueSpecification","valueRequired":true,"valueName":"search_term_string"}}],"inLanguage":"hr"},{"@type":"Organization","@id":"https:\/\/www.innothyrogen.eu\/hr\/#organization","name":"InnoThyroGen EU projekt","url":"https:\/\/www.innothyrogen.eu\/hr\/","logo":{"@type":"ImageObject","inLanguage":"hr","@id":"https:\/\/www.innothyrogen.eu\/hr\/#\/schema\/logo\/image\/","url":"https:\/\/www.innothyrogen.eu\/wp-content\/uploads\/2025\/03\/logo_EMAIL_without_bacground_vertical.png","contentUrl":"https:\/\/www.innothyrogen.eu\/wp-content\/uploads\/2025\/03\/logo_EMAIL_without_bacground_vertical.png","width":534,"height":520,"caption":"InnoThyroGen EU projekt"},"image":{"@id":"https:\/\/www.innothyrogen.eu\/hr\/#\/schema\/logo\/image\/"},"sameAs":["https:\/\/www.facebook.com\/profile.php?id=61571994011521","https:\/\/x.com\/innothyrogenEU","https:\/\/www.linkedin.com\/company\/innothyrogen-eu-project\/"]}]}},"_links":{"self":[{"href":"https:\/\/www.innothyrogen.eu\/hr\/wp-json\/wp\/v2\/pages\/1245","targetHints":{"allow":["GET"]}}],"collection":[{"href":"https:\/\/www.innothyrogen.eu\/hr\/wp-json\/wp\/v2\/pages"}],"about":[{"href":"https:\/\/www.innothyrogen.eu\/hr\/wp-json\/wp\/v2\/types\/page"}],"author":[{"embeddable":true,"href":"https:\/\/www.innothyrogen.eu\/hr\/wp-json\/wp\/v2\/users\/1"}],"replies":[{"embeddable":true,"href":"https:\/\/www.innothyrogen.eu\/hr\/wp-json\/wp\/v2\/comments?post=1245"}],"version-history":[{"count":1,"href":"https:\/\/www.innothyrogen.eu\/hr\/wp-json\/wp\/v2\/pages\/1245\/revisions"}],"predecessor-version":[{"id":1246,"href":"https:\/\/www.innothyrogen.eu\/hr\/wp-json\/wp\/v2\/pages\/1245\/revisions\/1246"}],"wp:attachment":[{"href":"https:\/\/www.innothyrogen.eu\/hr\/wp-json\/wp\/v2\/media?parent=1245"}],"curies":[{"name":"wp","href":"https:\/\/api.w.org\/{rel}","templated":true}]}}